{"id":11,"date":"2021-04-11T17:55:28","date_gmt":"2021-04-11T17:55:28","guid":{"rendered":"https:\/\/iheritage.ciac.pt\/inicio\/"},"modified":"2022-10-13T09:21:39","modified_gmt":"2022-10-13T09:21:39","slug":"inicio","status":"publish","type":"page","link":"https:\/\/iheritage.ciac.pt\/en\/","title":{"rendered":"Home"},"content":{"rendered":"<p>[et_pb_section fb_built=&#8221;1&#8243; _builder_version=&#8221;4.9.10&#8243; _module_preset=&#8221;default&#8221;][et_pb_row column_structure=&#8221;1_4,3_4&#8243; _builder_version=&#8221;4.9.10&#8243; _module_preset=&#8221;default&#8221;][et_pb_column type=&#8221;1_4&#8243; _builder_version=&#8221;4.9.10&#8243; _module_preset=&#8221;default&#8221;][et_pb_image src=&#8221;https:\/\/iheritage.ciac.pt\/wp-content\/uploads\/2021\/04\/iheritage.svg&#8221; title_text=&#8221;iheritage&#8221; _builder_version=&#8221;4.9.10&#8243; _module_preset=&#8221;default&#8221;][\/et_pb_image][\/et_pb_column][et_pb_column type=&#8221;3_4&#8243; _builder_version=&#8221;4.9.10&#8243; _module_preset=&#8221;default&#8221;][\/et_pb_column][\/et_pb_row][\/et_pb_section][et_pb_section fb_built=&#8221;1&#8243; fullwidth=&#8221;on&#8221; _builder_version=&#8221;4.9.10&#8243; _module_preset=&#8221;default&#8221; collapsed=&#8221;on&#8221;][et_pb_fullwidth_post_slider include_categories=&#8221;19&#8243; show_more_button=&#8221;off&#8221; show_meta=&#8221;off&#8221; use_bg_overlay=&#8221;off&#8221; _builder_version=&#8221;4.9.10&#8243; _module_preset=&#8221;default&#8221;][\/et_pb_fullwidth_post_slider][\/et_pb_section][et_pb_section fb_built=&#8221;1&#8243; _builder_version=&#8221;4.9.10&#8243; _module_preset=&#8221;default&#8221; collapsed=&#8221;on&#8221;][et_pb_row column_structure=&#8221;1_2,1_2&#8243; _builder_version=&#8221;4.9.10&#8243; _module_preset=&#8221;default&#8221; parallax=&#8221;on&#8221;][et_pb_column type=&#8221;1_2&#8243; _builder_version=&#8221;4.9.10&#8243; _module_preset=&#8221;default&#8221; background_image=&#8221;https:\/\/iheritage.ciac.pt\/wp-content\/uploads\/2022\/02\/a-dieta-mediterranea-jez-timms-unsplash.jpg&#8221; parallax=&#8221;on&#8221;][et_pb_slider show_arrows=&#8221;off&#8221; show_pagination=&#8221;off&#8221; admin_label=&#8221;Slider&#8221; _builder_version=&#8221;4.9.10&#8243; _module_preset=&#8221;default&#8221; background_enable_image=&#8221;off&#8221;][et_pb_slide heading=&#8221;The Mediterranean Diet&#8221; button_link=&#8221;https:\/\/iheritage.ciac.pt\/a-dieta-mediterranea\/&#8221; use_bg_overlay=&#8221;off&#8221; use_text_overlay=&#8221;off&#8221; _builder_version=&#8221;4.9.10&#8243; _module_preset=&#8221;default&#8221; background_color=&#8221;RGBA(0,0,0,0)&#8221; background_enable_color=&#8221;on&#8221; background_image=&#8221;https:\/\/iheritage.ciac.pt\/wp-content\/uploads\/2022\/02\/a-dieta-mediterranea-jez-timms-unsplash.jpg&#8221; background_enable_image=&#8221;on&#8221; sticky_transition=&#8221;on&#8221;]<\/p>\n<p>Get to know more about the Mediterranean Diet.<\/p>\n<p>[\/et_pb_slide][\/et_pb_slider][\/et_pb_column][et_pb_column type=&#8221;1_2&#8243; _builder_version=&#8221;4.9.10&#8243; _module_preset=&#8221;default&#8221;][et_pb_slider show_arrows=&#8221;off&#8221; show_pagination=&#8221;off&#8221; admin_label=&#8221;Slider&#8221; _builder_version=&#8221;4.9.10&#8243; _module_preset=&#8221;default&#8221; background_enable_image=&#8221;off&#8221;][et_pb_slide heading=&#8221;The Olive Oil Route&#8221; button_link=&#8221;https:\/\/iheritage.ciac.pt\/a-rota-do-azeite\/&#8221; use_bg_overlay=&#8221;off&#8221; use_text_overlay=&#8221;off&#8221; _builder_version=&#8221;4.9.10&#8243; _module_preset=&#8221;default&#8221; background_color=&#8221;RGBA(0,0,0,0)&#8221; background_enable_color=&#8221;on&#8221; background_image=&#8221;https:\/\/iheritage.ciac.pt\/wp-content\/uploads\/2022\/01\/a-rota-do-azeite-nazar-hrabovyi-unsplash.jpg&#8221; background_enable_image=&#8221;on&#8221; sticky_transition=&#8221;on&#8221;]<\/p>\n<p>A virtual itinerary that connects the mountains to the sea by a thread of olive oil.<\/p>\n<p>[\/et_pb_slide][\/et_pb_slider][\/et_pb_column][\/et_pb_row][\/et_pb_section][et_pb_section fb_built=&#8221;1&#8243; fullwidth=&#8221;on&#8221; module_id=&#8221;o-projeto-parallax&#8221; _builder_version=&#8221;4.9.10&#8243; _module_preset=&#8221;default&#8221; background_image=&#8221;https:\/\/iheritage.ciac.pt\/wp-content\/uploads\/2022\/02\/o-projeto-iheritage-nikon-d3200-maxpixel-scaled.jpg&#8221; parallax=&#8221;on&#8221; custom_margin=&#8221;0px||0px||false|false&#8221; collapsed=&#8221;on&#8221;][et_pb_fullwidth_image src=&#8221;https:\/\/iheritage.ciac.pt\/wp-content\/uploads\/2022\/02\/separador-1.svg&#8221; title_text=&#8221;separador-1&#8243; _builder_version=&#8221;4.9.10&#8243; _module_preset=&#8221;default&#8221;][\/et_pb_fullwidth_image][et_pb_fullwidth_slider use_bg_overlay=&#8221;on&#8221; bg_overlay_color=&#8221;#FFFFFF&#8221; _builder_version=&#8221;4.9.10&#8243; _module_preset=&#8221;default&#8221; background_color=&#8221;RGBA(0,0,0,0)&#8221; custom_margin=&#8221;|20%||20%|false|true&#8221;][et_pb_slide heading=&#8221;The iHeritage Project&#8221; button_link=&#8221;https:\/\/iheritage.ciac.pt\/o-projeto\/&#8221; _builder_version=&#8221;4.9.10&#8243; _module_preset=&#8221;default&#8221; background_color=&#8221;RGBA(0,0,0,0)&#8221; background_enable_color=&#8221;on&#8221; custom_button=&#8221;on&#8221; button_text_color=&#8221;RGBA(0,0,0,0)&#8221; sticky_transition=&#8221;on&#8221;]<\/p>\n<p>The iHERITAGE project aims to introduce advanced technological solutions and improve transnational cooperation for the access to UNESCO\u2019s Mediterranean cultural heritage while attaching wider dissemination of monuments declared World Heritage by UNESCO.<\/p>\n<p>[\/et_pb_slide][\/et_pb_fullwidth_slider][et_pb_fullwidth_image src=&#8221;https:\/\/iheritage.ciac.pt\/wp-content\/uploads\/2022\/02\/separador-2.svg&#8221; title_text=&#8221;separador-2&#8243; _builder_version=&#8221;4.9.10&#8243; _module_preset=&#8221;default&#8221;][\/et_pb_fullwidth_image][\/et_pb_section][et_pb_section fb_built=&#8221;1&#8243; _builder_version=&#8221;4.9.10&#8243; _module_preset=&#8221;default&#8221; collapsed=&#8221;on&#8221;][et_pb_row column_structure=&#8221;1_2,1_2&#8243; _builder_version=&#8221;4.9.10&#8243; _module_preset=&#8221;default&#8221; parallax=&#8221;on&#8221;][et_pb_column type=&#8221;1_2&#8243; _builder_version=&#8221;4.9.10&#8243; _module_preset=&#8221;default&#8221; background_image=&#8221;https:\/\/iheritage.ciac.pt\/wp-content\/uploads\/2022\/02\/a-dieta-mediterranea-jez-timms-unsplash.jpg&#8221; parallax=&#8221;on&#8221;][et_pb_slider show_arrows=&#8221;off&#8221; show_pagination=&#8221;off&#8221; admin_label=&#8221;Slider&#8221; _builder_version=&#8221;4.9.10&#8243; _module_preset=&#8221;default&#8221; background_enable_image=&#8221;off&#8221;][et_pb_slide heading=&#8221;National Living Labs&#8221; button_link=&#8221;https:\/\/iheritage.ciac.pt\/living-labs&#8221; use_bg_overlay=&#8221;off&#8221; use_text_overlay=&#8221;off&#8221; _builder_version=&#8221;4.9.10&#8243; _module_preset=&#8221;default&#8221; background_color=&#8221;RGBA(0,0,0,0)&#8221; background_enable_color=&#8221;on&#8221; background_image=&#8221;https:\/\/iheritage.ciac.pt\/wp-content\/uploads\/2022\/02\/living-labs-pt-fulvio-ciccolo-unsplash.jpg&#8221; background_enable_image=&#8221;on&#8221; sticky_transition=&#8221;on&#8221;]<\/p>\n<p>Join us for the first Living Lab from iHERITAGE project.<\/p>\n<p>[\/et_pb_slide][\/et_pb_slider][\/et_pb_column][et_pb_column type=&#8221;1_2&#8243; _builder_version=&#8221;4.9.10&#8243; _module_preset=&#8221;default&#8221;][et_pb_slider show_arrows=&#8221;off&#8221; show_pagination=&#8221;off&#8221; admin_label=&#8221;Slider&#8221; _builder_version=&#8221;4.9.10&#8243; _module_preset=&#8221;default&#8221; background_enable_image=&#8221;off&#8221;][et_pb_slide heading=&#8221;International Living Labs&#8221; button_link=&#8221;https:\/\/iheritage.ciac.pt\/en\/living-labs&#8221; use_bg_overlay=&#8221;off&#8221; use_text_overlay=&#8221;off&#8221; _builder_version=&#8221;4.9.10&#8243; _module_preset=&#8221;default&#8221; background_color=&#8221;RGBA(0,0,0,0)&#8221; background_enable_color=&#8221;on&#8221; background_image=&#8221;https:\/\/iheritage.ciac.pt\/wp-content\/uploads\/2022\/02\/living-labs-en-slidebean-unsplash.jpg&#8221; background_enable_image=&#8221;on&#8221; sticky_transition=&#8221;on&#8221;]<\/p>\n<p>Join us for the second Living Lab from iHERITAGE project via Zoom.<\/p>\n<p>[\/et_pb_slide][\/et_pb_slider][\/et_pb_column][\/et_pb_row][\/et_pb_section][et_pb_section fb_built=&#8221;1&#8243; _builder_version=&#8221;4.9.10&#8243; _module_preset=&#8221;default&#8221; collapsed=&#8221;on&#8221;][et_pb_row _builder_version=&#8221;4.9.10&#8243; _module_preset=&#8221;default&#8221;][et_pb_column type=&#8221;4_4&#8243; _builder_version=&#8221;4.9.10&#8243; _module_preset=&#8221;default&#8221;][et_pb_text _builder_version=&#8221;4.9.10&#8243; _module_preset=&#8221;default&#8221;]<\/p>\n<h2 style=\"text-align:center\">Not\u00edcias<\/h2>\n<p>[\/et_pb_text][et_pb_divider divider_weight=&#8221;6px&#8221; _builder_version=&#8221;4.9.10&#8243; _module_preset=&#8221;default&#8221; width=&#8221;20%&#8221; module_alignment=&#8221;center&#8221;][\/et_pb_divider][lwp_post_carousel post_categories=&#8221;6&#8243; slides_scroll=&#8221;3&#8243; post_background=&#8221;#ececec&#8221; _builder_version=&#8221;4.9.10&#8243; _module_preset=&#8221;default&#8221;][\/lwp_post_carousel][et_pb_button button_url=&#8221;https:\/\/iheritage.ciac.pt\/en\/news\/&#8221; button_text=&#8221;See more&#8221; button_alignment=&#8221;center&#8221; _builder_version=&#8221;4.9.10&#8243; _module_preset=&#8221;default&#8221; background_layout=&#8221;dark&#8221;][\/et_pb_button][\/et_pb_column][\/et_pb_row][\/et_pb_section]<\/p>\n","protected":false},"excerpt":{"rendered":"<p>iHeritage Portugal presents Augmented reality and Digital resources on the Mediterranean Diet In October, iHERITAGE Portugal will showcase the digital brochures created within the project iHERITAGE &#8211; ICT Mediterranean platform for UNESCO cultural heritage, supported by the EU through the ENI CBC Med Programme in the Algarve. iHeritage Portugal and Mediterranean Flavours A focus group [&hellip;]<\/p>\n","protected":false},"author":1,"featured_media":0,"parent":0,"menu_order":0,"comment_status":"closed","ping_status":"closed","template":"","meta":{"_et_pb_use_builder":"on","_et_pb_old_content":"[vc_row][vc_column width=\"1\/4\"][vc_column_text]<img src=\"https:\/\/iheritage.ciac.pt\/wp-content\/uploads\/2021\/04\/iheritage.svg\" \/>[\/vc_column_text][\/vc_column][vc_column width=\"3\/4\"][\/vc_column][\/vc_row][vc_row full_width=\"stretch_row_content_no_spaces\"][vc_column][vc_carousel_father theme=\"content-over-slider\" arrowclr=\"#000000\" dotclr=\"#000000\" dotposition=\"\"][vc_carousel_son img_radius=\"\" fontweight=\"bold\" image_id=\"682\"].[\/vc_carousel_son][vc_carousel_son img_radius=\"\" fontweight=\"bold\" image_id=\"430\"][\/vc_carousel_son][vc_carousel_son img_radius=\"\" fontweight=\"bold\" image_id=\"464\"][\/vc_carousel_son][\/vc_carousel_father][\/vc_column][\/vc_row][vc_row][vc_column][vc_separator color=\"white\" css=\".vc_custom_1627561004869{margin-top: 1px !important;margin-bottom: 1px !important;}\"][\/vc_column][\/vc_row][vc_row][vc_column][vc_column_text]\r\n\r\n<h2 style=\"text-align: center;\"><span style=\"text-transform: lowercase !important;\">i<\/span>Heritage<\/h2>\r\nDezembro de 2013, Portugal \u2013 a UNESCO define a Dieta Mediterr\u00e2nea (DM) como Patrim\u00f3nio Cultural Imaterial da Humanidade. No reconhecimento deste patrim\u00f3nio alimentar comum, identifica-se um saber milenar patente na explora\u00e7\u00e3o dos recursos locais \u2013 pesca, agricultura e pecu\u00e1ria \u2013 refor\u00e7ando o modelo cultural, hist\u00f3rico e de sa\u00fade da regi\u00e3o do Mediterr\u00e2neo. As pr\u00e1ticas, representa\u00e7\u00f5es, conhecimentos, habilidades - bem como os instrumentos, objetos, artefactos, respeito pelos ritmos sazonais, eventos festivos e espa\u00e7os culturais a estes associados, evocam o esp\u00edrito da tradi\u00e7\u00e3o e da express\u00e3o oral \u2013 \u201cComer juntos est\u00e1 na base da identidade cultural e da continuidade das comunidades em toda a bacia do Mediterr\u00e2neo.\"\r\n\r\n[\/vc_column][\/vc_row][vc_row gap=\"30\" equal_height=\"yes\" content_placement=\"middle\"][vc_column width=\"1\/2\"][vc_hoverbox image=\"476\" primary_title=\"A Dieta Mediterr\u00e2nea\" hover_title=\"A Dieta Mediterr\u00e2nea\" shape=\"square\" hover_background_color=\"custom\" hover_custom_background=\"#7eac69\"]<a style=\"color: #fff;\" href=\"https:\/\/iheritage.ciac.pt\/a-dieta-mediterranica\/\">Saiba mais aqui<\/a>[\/vc_hoverbox][\/vc_column][vc_column width=\"1\/2\"][vc_hoverbox image=\"480\" primary_title=\"Explore a Rota do Azeite\" hover_title=\"Explore a Rota do Azeite\" shape=\"square\" hover_background_color=\"custom\" hover_custom_background=\"#7eac69\"]<a style=\"color: #fff;\" href=\"https:\/\/iheritage.ciac.pt\/a-rota-do-azeite\/\">Saiba mais aqui<\/a>[\/vc_hoverbox][\/vc_column][\/vc_row][vc_row][vc_column][vc_separator color=\"white\" css=\".vc_custom_1627561004869{margin-top: 30px !important;margin-bottom: 30px !important;}\"]\r\n\r\n<h2 style=\"text-align: center;\"><span style=\"text-transform: lowercase !important;\"><\/span>conhe\u00e7a os nossos living labs<\/h2>\r\n\r\n[\/vc_column][\/vc_row][vc_row gap=\"30\" equal_height=\"yes\" content_placement=\"middle\"][vc_column width=\"1\/2\"][vc_hoverbox image=\"678\" primary_title=\"\" hover_title=\"International Living Lab (Em Ingl\u00eas)\" shape=\"square\" hover_background_color=\"custom\" hover_custom_background=\"#ffc252\"]<a style=\"color: #fff;\" href=\"https:\/\/iheritage.ciac.pt\/living-labs\">Saiba mais aqui<\/a>[\/vc_hoverbox][\/vc_column][vc_column width=\"1\/2\"][vc_hoverbox image=\"676\" primary_title=\"\" hover_title=\"National Living Lab (Em Portugu\u00eas)\" shape=\"square\" hover_background_color=\"custom\" hover_custom_background=\"#ffc252\"]<a style=\"color: #fff;\" href=\"https:\/\/iheritage.ciac.pt\/living-labs\">Saiba mais aqui<\/a>[\/vc_hoverbox][\/vc_column][\/vc_row][vc_row][vc_column][vc_separator color=\"white\" css=\".vc_custom_1627561004869{margin-top: 30px !important;margin-bottom: 30px !important;}\"]\r\n\r\n\r\n<h2 style=\"text-align: center;\">Not\u00edcias e Eventos<\/h2>\r\n\r\n\r\n[na_posts_carousel style=\"mega-post-carousel5\" comment=\"none\" catg=\"none\" txtclr=\"#000000\" dateclr=\"#000000\" descclr=\"#888888\" settings=\"size:24|order_by:date|order:DESC|post_type:post|categories:5\"][vc_btn title=\"Ver mais\" shape=\"square\" color=\"sky\" align=\"center\" link=\"url:https%3A%2F%2Fiheritage.ciac.pt%2Fnoticias%2F|title:Not%C3%ADcias\"][\/vc_column][\/vc_row]","_et_gb_content_width":"","footnotes":"","_links_to":"","_links_to_target":""},"class_list":["post-11","page","type-page","status-publish","hentry"],"_links":{"self":[{"href":"https:\/\/iheritage.ciac.pt\/en\/wp-json\/wp\/v2\/pages\/11","targetHints":{"allow":["GET"]}}],"collection":[{"href":"https:\/\/iheritage.ciac.pt\/en\/wp-json\/wp\/v2\/pages"}],"about":[{"href":"https:\/\/iheritage.ciac.pt\/en\/wp-json\/wp\/v2\/types\/page"}],"author":[{"embeddable":true,"href":"https:\/\/iheritage.ciac.pt\/en\/wp-json\/wp\/v2\/users\/1"}],"replies":[{"embeddable":true,"href":"https:\/\/iheritage.ciac.pt\/en\/wp-json\/wp\/v2\/comments?post=11"}],"version-history":[{"count":47,"href":"https:\/\/iheritage.ciac.pt\/en\/wp-json\/wp\/v2\/pages\/11\/revisions"}],"predecessor-version":[{"id":413,"href":"https:\/\/iheritage.ciac.pt\/en\/wp-json\/wp\/v2\/pages\/11\/revisions\/413"}],"wp:attachment":[{"href":"https:\/\/iheritage.ciac.pt\/en\/wp-json\/wp\/v2\/media?parent=11"}],"curies":[{"name":"wp","href":"https:\/\/api.w.org\/{rel}","templated":true}]}}