{"id":256,"date":"2021-07-21T06:37:04","date_gmt":"2021-07-21T06:37:04","guid":{"rendered":"https:\/\/iheritage.ciac.pt\/?page_id=256"},"modified":"2022-02-04T13:55:51","modified_gmt":"2022-02-04T13:55:51","slug":"o-projeto","status":"publish","type":"page","link":"https:\/\/iheritage.ciac.pt\/en\/the-project","title":{"rendered":"The iHeritage Project"},"content":{"rendered":"<p>[et_pb_section fb_built=&#8221;1&#8243; fullwidth=&#8221;on&#8221; _builder_version=&#8221;4.9.10&#8243; _module_preset=&#8221;default&#8221;][et_pb_fullwidth_image src=&#8221;https:\/\/iheritage.ciac.pt\/wp-content\/uploads\/2022\/02\/o-projeto-iheritage-alex-azabache-unsplash.jpg&#8221; title_text=&#8221;o-projeto-iheritage-alex-azabache-unsplash&#8221; admin_label=&#8221;Fullwidth Image&#8221; _builder_version=&#8221;4.9.10&#8243; _module_preset=&#8221;default&#8221;][\/et_pb_fullwidth_image][\/et_pb_section][et_pb_section fb_built=&#8221;1&#8243; _builder_version=&#8221;4.9.10&#8243; _module_preset=&#8221;default&#8221; custom_margin=&#8221;0px||||false|false&#8221;][et_pb_row column_structure=&#8221;1_2,1_2&#8243; _builder_version=&#8221;4.9.10&#8243; _module_preset=&#8221;default&#8221; background_color=&#8221;RGBA(0,0,0,0)&#8221; vertical_offset=&#8221;-48px&#8221; custom_margin=&#8221;-48px||||false|false&#8221; custom_margin_tablet=&#8221;&#8221; custom_margin_phone=&#8221;&#8221; custom_margin_last_edited=&#8221;on|desktop&#8221; custom_padding=&#8221;0px|0px|0px|0px|true|true&#8221;][et_pb_column type=&#8221;1_2&#8243; _builder_version=&#8221;4.9.10&#8243; _module_preset=&#8221;default&#8221; background_color=&#8221;#FFFFFF&#8221; custom_padding=&#8221;30px|30px|30px|30px|true|true&#8221;][et_pb_post_title meta=&#8221;off&#8221; featured_image=&#8221;off&#8221; _builder_version=&#8221;4.9.10&#8243; _module_preset=&#8221;default&#8221; background_color=&#8221;RGBA(0,0,0,0)&#8221; custom_padding=&#8221;0px|0px|0px|0px|true|true&#8221;][\/et_pb_post_title][et_pb_divider divider_weight=&#8221;6px&#8221; admin_label=&#8221;Divider&#8221; _builder_version=&#8221;4.9.10&#8243; _module_preset=&#8221;default&#8221; width=&#8221;20%&#8221; animation_style=&#8221;slide&#8221; animation_direction=&#8221;left&#8221; animation_duration=&#8221;300ms&#8221; animation_speed_curve=&#8221;ease-in&#8221;][\/et_pb_divider][\/et_pb_column][et_pb_column type=&#8221;1_2&#8243; _builder_version=&#8221;4.9.10&#8243; _module_preset=&#8221;default&#8221;][\/et_pb_column][\/et_pb_row][et_pb_row _builder_version=&#8221;4.9.10&#8243; _module_preset=&#8221;default&#8221;][et_pb_column type=&#8221;4_4&#8243; _builder_version=&#8221;4.9.10&#8243; _module_preset=&#8221;default&#8221;][et_pb_text _builder_version=&#8221;4.9.10&#8243; _module_preset=&#8221;default&#8221; hover_enabled=&#8221;0&#8243; sticky_enabled=&#8221;0&#8243;]<\/p>\n<p>The iHERITAGE project aims to introduce advanced technological solutions and improve transnational cooperation for the access to UNESCO\u2019s Mediterranean cultural heritage while attaching wider dissemination of monuments declared World Heritage by UNESCO.<\/p>\n<p>The Mediterranean UNESCO cultural heritage needs new techniques to improve its level of interpretation, taking advantage of new technologies and commercialising the latest research results. In this regard, the iHERITAGE project will provide new solutions through an innovation-driven growth process to promote cross-border technological transfer, Living Labs, industry-academia collaboration and the creation of spin-offs and new products, using the latest Information and Communication Technologies (ICT): Augmented Reality (AR), Virtual Reality (VR) and Mixed Reality (MR).<\/p>\n<p>This project will also create an extensive database which will collect the intangible cultural heritage of the Mediterranean countries inscribed in the UNESCO registers and also in the national registers instituted in accordance with the UNESCO Convention for the Safeguarding of the World Cultural Heritage.<\/p>\n<p>iHERITAGE will address socio-economic challenges at cross-border level through the active involvement of young people, women and NEETs who will take part in the Living Labs, training courses, and the creation of spin-offs, thus contributing to increase employment opportunities and foster innovation. The project will support collaborations among universities, SMEs, start-ups and spin-offs devoted to the creation of AR\/VR\/MR products. Eventually, iHERITAGE will improve access to UNESCO cultural heritage, on site and off site, and will contribute to the establishment of the Regional Centre for Safeguarding and Valorisation of Mediterranean Intangible Cultural Heritage, to be recognised under Category 2 of UNESCO.<\/p>\n<blockquote>\n<p>\u201ciHERITAGE will show us the Mediterranean UNESCO heritage as we have never seen it. Dozens of new AR \/ VR \/ MR technological solutions will open the way for an unprecedented and democratic relationship with oral traditions, cultural heritage and archaeology, revealing forms, contexts and contents that would otherwise be invisible and reserved only for insiders\u201d<\/p>\n<p>\u2014 Lucio Tambuzzo, Project Creator<\/p>\n<\/blockquote>\n<p>iHERITAGE has a total budget of 3.9 million euros and will be funded by up to a maximum of 90% through the \u201cMediterranean Sea Basin Programme\u201d ENI CBC Med 2014-2020. The 2014-2020 ENI CBC Mediterranean Sea Basin Programme is a multilateral CrossBorder Cooperation (CBC) initiative funded by the European Neighbourhood Instrument (ENI). The Programme\u2019s objective is to foster fair, equitable and sustainable economic, social, and territorial development, which may advance cross-border integration and valorize participating countries\u2019 territories and values. The following 13 countries participate in the Programme: Cyprus, Egypt, France, Greece, Israel, Italy, Jordan, Lebanon, Malta, Palestine, Portugal, Spain, Tunisia. The Managing Authority (JMA) is the Autonomous Region of Sardinia (Italy). Official Programme languages are Arabic, English, and French.<\/p>\n<h2>Main Expected Outputs of the Project<\/h2>\n<ul>\n<li>18 Research Agreements aimed at strengthening people-institutions-industry-academia collaboration<\/li>\n<li>30 establishings of spin-offs and newco dedicated to co-patenting and commercialization of innovative products<\/li>\n<li>76 creations of innovative products\/services \u2013 technology transfer of innovative solutions (46 new products by the project + 30 selected)<\/li>\n<li>46 prototyping and testing within the Living Labs of the innovative products and services created by the project<\/li>\n<li>30 events of commercialization of new products and services based on AR\/VR\/MR technologies and the use of Internet of Things, Artificial Intelligence, Machine Learning, Autonomous Database and Big Data<\/li>\n<li>6 high training courses<\/li>\n<li>400 beneficiaries of training courses<\/li>\n<li>15 co-publications produced in the Living Labs<\/li>\n<li>18 co-patents aimed at developing innovative and marketable ICT products<\/li>\n<li>1 ICT Mediterranean Platform for the Valorisation of cross border Cultural Heritage through AR\/VR\/MR<\/li>\n<li>1 Mediterranean Register of Intangible Cultural Heritage<\/li>\n<\/ul>\n<p style=\"margin-bottom:14px;\">The project gathers the following 10 partners from 6 Mediterranean countries participating in the cross-border iHERITAGE project:<\/p>\n<h2>Lead Beneficiary<\/h2>\n<ul>\n<li>ourism Department \u2014 Region of Sicily (Italy)<\/li>\n<\/ul>\n<h2>Partners<\/h2>\n<ul>\n<li>Ualg \u2013 University of Algarve (Portugal)<\/li>\n<li>CCBM \u2013 Network of Castles and Medieval Towns (Italy)<\/li>\n<li>CEEBA \u2013 Confederation of Egyptian-European Business Associations (Egypt)<\/li>\n<li>ASCAME \u2013 Association of the Mediterranean Chambers of Commerce and Industry (Spain)<\/li>\n<li>CULTECH \u2013 Jordan Society for Scientific Research, Entrepreneurship and Creativity (Jordan)<\/li>\n<li>General Department of Antiquities of Jordan<\/li>\n<li>LAU \u2013 Lebanese American University, Beirut (Lebanon)<\/li>\n<li>El Legado Andalus\u00ed Andalusian Public Foundation (Spain)<\/li>\n<li>UNIPA \u2013 Palermo University-Department of Architecture (Italy)<\/li>\n<\/ul>\n<ul>\n<li>Countries: Spain, Lebanon, Portugal, Egypt, Italy and Jordan<\/li>\n<\/ul>\n<h2>Associated Partners<\/h2>\n<ul>\n<li>Sicilian Region \u2013 Regional Department of Productive Activities (Italy)<\/li>\n<li>Ministry of Culture, Lebanon- Directorate General of Antiquities (Lebanon)<\/li>\n<li>Lebanese National Commission for UNESCO (Lebanon)<\/li>\n<li>CNR \u2013 ITABC, Institute for Technologies Applied to Cultural Heritage (Italy)<\/li>\n<li>Municipality of Byblos-Jbeil (Lebanon)<\/li>\n<li>Region of Algarve \u2013 Department of Tourism (Portugal)<\/li>\n<\/ul>\n<ul>\n<li>Duration: 30 months<\/li>\n<li>Total budget value: \u20ac 3.874.287,06<\/li>\n<li>Co-financing rate: 10.0%<\/li>\n<\/ul>\n<h2>Websites and Social Media<\/h2>\n<ul>\n<li><a href=\"http:\/\/www.enicbcmed.eu\">Website ENI CBC Med<\/a><\/li>\n<li><a href=\"https:\/\/twitter.com\/IheritageP\">Twitter iHeritage Portugal<\/a><\/li>\n<\/ul>\n<p>[\/et_pb_text][\/et_pb_column][\/et_pb_row][\/et_pb_section]<\/p>\n","protected":false},"excerpt":{"rendered":"<p>The iHERITAGE project aims to introduce advanced technological solutions and improve transnational cooperation for the access to UNESCO\u2019s Mediterranean cultural heritage while attaching wider dissemination of monuments declared World Heritage by UNESCO. The Mediterranean UNESCO cultural heritage needs new techniques to improve its level of interpretation, taking advantage of new technologies and commercialising the latest [&hellip;]<\/p>\n","protected":false},"author":1,"featured_media":0,"parent":0,"menu_order":0,"comment_status":"closed","ping_status":"closed","template":"","meta":{"_et_pb_use_builder":"on","_et_pb_old_content":"O projecto iHERITAGE pretende introduzir solu\u00e7\u00f5es tecnol\u00f3gicas avan\u00e7adas e melhorar a coopera\u00e7\u00e3o transnacional para o acesso ao patrim\u00f3nio cultural Mediterr\u00e2neo da UNESCO, garantindo, em simult\u00e2neo, uma maior divulga\u00e7\u00e3o dos monumentos declarados como Patrim\u00f3nio Mundial pela UNESCO.\r\n\r\n<img src=\"https:\/\/iheritage.ciac.pt\/wp-content\/uploads\/2021\/07\/Screenshot-2021-07-27-at-14.56.03.png\" alt=\"home-page-project\" \/>\r\n\r\nO patrim\u00f3nio cultural da UNESCO do Mediterr\u00e2neo necessita de novas t\u00e9cnicas para melhorar o seu n\u00edvel de interpreta\u00e7\u00e3o, tirando partido das novas tecnologias ao mesmo tempo em que os os \u00faltimos resultados da investiga\u00e7\u00e3o s\u00e3o comercializados. Neste sentido, o projecto iHERITAGE ir\u00e1 assim fornecer novas solu\u00e7\u00f5es, atrav\u00e9s de um processo de crescimento orientado para a inova\u00e7\u00e3o, de maneira a promover uma \u201cpartilha de tecnologias\u201d transfronteiri\u00e7a, Living Labs, colabora\u00e7\u00e3o da academia e cria\u00e7\u00e3o de spin-offs e de novos produtos, utilizando as mais recentes Tecnologias de Informa\u00e7\u00e3o e Comunica\u00e7\u00e3o (TIC): a Realidade Aumentada (AR), a Realidade Virtual (RV) e de Realidade Mista (RM).\r\n\r\nEste projecto criar\u00e1 tamb\u00e9m uma extensa base de dados que recolher\u00e1 o patrim\u00f3nio cultural intang\u00edvel dos pa\u00edses Mediterr\u00e2neos inscritos nos registos da UNESCO e tamb\u00e9m nos registos nacionais institu\u00eddos em conformidade com a Conven\u00e7\u00e3o da UNESCO para a Salvaguarda do Patrim\u00f3nio Cultural Mundial.\r\n\r\nO iHERITAGE abordar\u00e1 os desafios s\u00f3cio-econ\u00f3micos a n\u00edvel transfronteiri\u00e7o atrav\u00e9s da participa\u00e7\u00e3o activa de jovens, mulheres e NEETs que participar\u00e3o nos Living Labs, nos cursos de forma\u00e7\u00e3o e na cria\u00e7\u00e3o de spin-offs, contribuindo assim para aumentar as oportunidades de emprego e promover a inova\u00e7\u00e3o. O projecto apoiar\u00e1 a colabora\u00e7\u00e3o entre universidades, PME, empresas em fase de arranque e spin-offs dedicados \u00e0 cria\u00e7\u00e3o de produtos AR\/VR\/MR. \u00c9 esperado que o projecto iHERITAGE melhore o acesso ao patrim\u00f3nio cultural da UNESCO, no local e fora do local, e que contribua consequentemente para a cria\u00e7\u00e3o do Centro Regional para a salvaguarda e valoriza\u00e7\u00e3o do Patrim\u00f3nio Cultural Imaterial Mediterr\u00e2neo, a reconhecer na categoria 2 da UNESCO.\r\n\r\n<blockquote>\u201cO iHERITAGE ir\u00e1 mostrar-nos o patrim\u00f3nio mediterr\u00e2neo da UNESCO como nunca o vimos. Uma s\u00e9rie de novas solu\u00e7\u00f5es tecnol\u00f3gicas AR\/VR\/MR ir\u00e3o abrir caminho para uma rela\u00e7\u00e3o democr\u00e1tica e sem precedentes com o patrim\u00f3nio cultural, tradi\u00e7\u00f5es orais e arqueologia, revelando formas, contextos e conte\u00fados que de outra forma seriam invis\u00edveis e reservados apenas para conhecedores de tais mat\u00e9rias\u201d Lucio Tambuzzo, Criador do Projeto <\/blockquote>\r\n\r\nO projeto iHERITAGE tem um or\u00e7amento total de 3,9 milh\u00f5es de euros e ser\u00e1 financiando at\u00e9 a um m\u00e1ximo de 90% atrav\u00e9s do programa ENI CBC da Bacia do Mar Mediterr\u00e2neo para 2014-2020.O programa ENI CBC da Bacia do Mar Mediterr\u00e2neo para 2014-2020 \u00e9 uma iniciativa de Coopera\u00e7\u00e3o Transfronteiri\u00e7a (CBC) multilateral, financiada pelo Instrumento Europeu de Vizinhan\u00e7a (ENI). O objetivo do programa \u00e9 promover o desenvolvimento econ\u00f3mico, social e territorial justo, equitativo e sustent\u00e1vel, que possa promover a integra\u00e7\u00e3o transfronteiri\u00e7a e valorizar os territ\u00f3rios e valores dos pa\u00edses participantes. Um total de 13 pa\u00edses participam no programa: Chipre, Egito, Fran\u00e7a, Gr\u00e9cia, Israel, It\u00e1lia, Jord\u00e2nia, L\u00edbano, Malta, Palestina, Portugal, Espanha, Tun\u00edsia. A Autoridade de Gest\u00e3o (AM) \u00e9 a Regi\u00e3o Aut\u00f3noma da Sardenha (It\u00e1lia).\r\n\r\n<strong>Principais resultados esperados do projeto:<\/strong>\r\n\r\n18 Acordos de Pesquisa que visam fortalecer a colabora\u00e7\u00e3o pessoas-institui\u00e7\u00f5es-ind\u00fastria-academia\r\n30 Estabelecimento de spin-offs e newco dedicados ao co-patenteamento e comercializa\u00e7\u00e3o de produtos inovadores\r\n76 Cria\u00e7\u00e3o de produtos\/servi\u00e7os inovadores - transfer\u00eancia de tecnologia de solu\u00e7\u00f5es inovadoras (46 novos produtos do projeto + 30 selecionados)\r\n46 Prototipagem e testagem dentro do Living Labs dos produtos e servi\u00e7os inovadores criados pelo projeto\r\n30 Eventos de comercializa\u00e7\u00e3o de novos produtos e servi\u00e7os baseados em tecnologias AR\/VR\/MR e uso de Internet das Coisas, Intelig\u00eancia Artificial, Machine Learning, Base de Dados Aut\u00f3nomo e Big Data\r\n6 cursos de alto treino\r\n400 Benefici\u00e1rios de cursos de treino\r\n15 co-publica\u00e7\u00f5es produzidas no Living Labs\r\n18 co-patentes destinadas a desenvolver produtos de TIC inovadores e comercializ\u00e1veis\r\n1 Plataforma mediterr\u00e2nea de TIC para a valoriza\u00e7\u00e3o do patrim\u00f3nio cultural transfronteiri\u00e7o por meio de AR\/VR\/MR\r\n1 Registro Mediterr\u00e2neo de Patrim\u00f3nio Cultural Imaterial\r\n\r\n\r\nO projeto re\u00fane os seguintes 10 parceiros de 6 pa\u00edses mediterr\u00e2neos que participam no projeto transfronteiri\u00e7o iHERITAGE:\r\n\r\n<strong>Beneficiario:<\/strong>\r\nDepartamento de turismo-regi\u00e3o da Sic\u00edlia (It\u00e1lia).\r\n\r\n<strong>Parceiros: <\/strong>\r\nUniversidade do Algarve \u2013 UAlg (Portugal)\r\nCCBM - Rede de Castelos e Cidades Medievais (It\u00e1lia).\r\nCEEBA - Confedera\u00e7\u00e3o das Associa\u00e7\u00f5es Comerciais Europeias Eg\u00edpcias (Egipto).\r\nASCAME - Associa\u00e7\u00e3o das C\u00e2maras de Com\u00e9rcio e Ind\u00fastria do Mediterr\u00e2neo (Espanha).\r\nJSSREC - Sociedade da Jord\u00e2nia para a Pesquisa Cient\u00edfica, Empreendedorismo e Criatividade (Jord\u00e2nia).\r\nDOA - Departamento Geral de Antiguidades da Jord\u00e2nia (Jord\u00e2nia).\r\nUAL - Universidade Americana Libanesa (L\u00edbano - PP6).\r\nFunda\u00e7\u00e3o P\u00fablica Andalusia El Legado Andalus\u00ed (Espanha)\r\nUNIPA - Universidade de Palermo - Departamento de Arquitetura (It\u00e1lia).\r\nPa\u00edses:  Portugal, Espanha, L\u00edbano, Egipto, It\u00e1lia e Jord\u00e2nia \r\n\r\n<strong>Parceiros Associados<\/strong>\r\n\r\nRegi\u00e3o da Sic\u00edlia \u2013 Departamento Regional de Atividades Produtivas (It\u00e1lia)\r\nMinist\u00e9rio da Cultura, L\u00edbano - Dire\u00e7\u00e3o Geral de Antiguidades (L\u00edbano)\r\nComiss\u00e3o Nacional Libanesa para a UNESCO (L\u00edbano)\r\nCNR \u2013 ITABC,Instituto de Tecnologias Aplicadas ao Patrim\u00f3nio Cultural (It\u00e1lia)\r\nMunic\u00edpio de Byblos-Jbeil (L\u00edbano)\r\nRegi\u00e3o do Algarve \u2013 Departamento de Turismo (Portugal)\r\nDura\u00e7\u00e3o: 30 meses\r\n\r\n<strong>Budget total:<\/strong> \u20ac 3.874.287,06\r\n\r\n<strong>Taxa de co-financiamento:<\/strong> 10.0%\r\n\r\n<strong>Websites e Social Media:<\/strong>\r\n\r\nWebsite ENI CBC Med: <a href=\"http:\/\/www.enicbcmed.eu.\">www.enicbcmed.eu.<\/a>\r\n\r\nTwitter iHeritage Portugal: <a href=\"https:\/\/twitter.com\/IheritageP\">iHeritage Project - Portugal<\/a>\r\n\r\n<strong><img src=\"https:\/\/iheritage.ciac.pt\/wp-content\/uploads\/2021\/07\/picture1.jpg\" alt=\"Logo Lead Beneficiaries\" \/><\/strong>\r\n\r\n<strong><\/strong>","_et_gb_content_width":"","footnotes":"","_links_to":"","_links_to_target":""},"class_list":["post-256","page","type-page","status-publish","hentry"],"_links":{"self":[{"href":"https:\/\/iheritage.ciac.pt\/en\/wp-json\/wp\/v2\/pages\/256","targetHints":{"allow":["GET"]}}],"collection":[{"href":"https:\/\/iheritage.ciac.pt\/en\/wp-json\/wp\/v2\/pages"}],"about":[{"href":"https:\/\/iheritage.ciac.pt\/en\/wp-json\/wp\/v2\/types\/page"}],"author":[{"embeddable":true,"href":"https:\/\/iheritage.ciac.pt\/en\/wp-json\/wp\/v2\/users\/1"}],"replies":[{"embeddable":true,"href":"https:\/\/iheritage.ciac.pt\/en\/wp-json\/wp\/v2\/comments?post=256"}],"version-history":[{"count":24,"href":"https:\/\/iheritage.ciac.pt\/en\/wp-json\/wp\/v2\/pages\/256\/revisions"}],"predecessor-version":[{"id":944,"href":"https:\/\/iheritage.ciac.pt\/en\/wp-json\/wp\/v2\/pages\/256\/revisions\/944"}],"wp:attachment":[{"href":"https:\/\/iheritage.ciac.pt\/en\/wp-json\/wp\/v2\/media?parent=256"}],"curies":[{"name":"wp","href":"https:\/\/api.w.org\/{rel}","templated":true}]}}