{"id":260,"date":"2021-07-21T06:39:20","date_gmt":"2021-07-21T06:39:20","guid":{"rendered":"https:\/\/iheritage.ciac.pt\/?page_id=260"},"modified":"2022-02-01T11:01:04","modified_gmt":"2022-02-01T11:01:04","slug":"a-rota-do-azeite","status":"publish","type":"page","link":"https:\/\/iheritage.ciac.pt\/en\/the-olive-oil-route\/","title":{"rendered":"The Olive Oil Route"},"content":{"rendered":"<p>[et_pb_section fb_built=&#8221;1&#8243; fullwidth=&#8221;on&#8221; _builder_version=&#8221;4.9.10&#8243; _module_preset=&#8221;default&#8221;][et_pb_fullwidth_image src=&#8221;https:\/\/iheritage.ciac.pt\/wp-content\/uploads\/2022\/01\/a-rota-do-azeite-nazar-hrabovyi-unsplash.jpg&#8221; title_text=&#8221;a-rota-do-azeite-nazar-hrabovyi-unsplash&#8221; admin_label=&#8221;Fullwidth Image&#8221; _builder_version=&#8221;4.9.10&#8243; _module_preset=&#8221;default&#8221;][\/et_pb_fullwidth_image][\/et_pb_section][et_pb_section fb_built=&#8221;1&#8243; _builder_version=&#8221;4.9.10&#8243; _module_preset=&#8221;default&#8221; custom_margin=&#8221;0px||||false|false&#8221;][et_pb_row column_structure=&#8221;1_2,1_2&#8243; _builder_version=&#8221;4.9.10&#8243; _module_preset=&#8221;default&#8221; background_color=&#8221;RGBA(0,0,0,0)&#8221; vertical_offset=&#8221;-48px&#8221; custom_margin=&#8221;-48px||||false|false&#8221; custom_margin_tablet=&#8221;&#8221; custom_margin_phone=&#8221;&#8221; custom_margin_last_edited=&#8221;on|desktop&#8221; custom_padding=&#8221;0px|0px|0px|0px|true|true&#8221;][et_pb_column type=&#8221;1_2&#8243; _builder_version=&#8221;4.9.10&#8243; _module_preset=&#8221;default&#8221; background_color=&#8221;#FFFFFF&#8221; custom_padding=&#8221;30px|30px|30px|30px|true|true&#8221;][et_pb_post_title meta=&#8221;off&#8221; featured_image=&#8221;off&#8221; _builder_version=&#8221;4.9.10&#8243; _module_preset=&#8221;default&#8221; background_color=&#8221;RGBA(0,0,0,0)&#8221; custom_padding=&#8221;0px|0px|0px|0px|true|true&#8221;][\/et_pb_post_title][et_pb_divider divider_weight=&#8221;6px&#8221; admin_label=&#8221;Divider&#8221; _builder_version=&#8221;4.9.10&#8243; _module_preset=&#8221;default&#8221; width=&#8221;20%&#8221; animation_style=&#8221;slide&#8221; animation_direction=&#8221;left&#8221; animation_duration=&#8221;300ms&#8221; animation_speed_curve=&#8221;ease-in&#8221;][\/et_pb_divider][\/et_pb_column][et_pb_column type=&#8221;1_2&#8243; _builder_version=&#8221;4.9.10&#8243; _module_preset=&#8221;default&#8221;][\/et_pb_column][\/et_pb_row][et_pb_row _builder_version=&#8221;4.9.10&#8243; _module_preset=&#8221;default&#8221;][et_pb_column type=&#8221;4_4&#8243; _builder_version=&#8221;4.9.10&#8243; _module_preset=&#8221;default&#8221;][et_pb_text _builder_version=&#8221;4.9.10&#8243; _module_preset=&#8221;default&#8221;]<\/p>\n<blockquote>\n<p>\u201cIt\u2019s part of who we are\u201d<\/p>\n<p>\u2014 Resident of Santa Catarina da Fonte do Bispo<\/p>\n<\/blockquote>\n<p>The clear and strong notion of sensitivity and identification between the person and the natural environment is incorporated in a structure of relationships intrinsic to the great asset that is civilization and culture. Naturally, by bequeathing meaning to our life and doubting, questioning and acquiring answers, we find a necessary balance in the Man\/Nature relationship. In this message translated and practically offered by bygone times, we find consciences based on globalization and markets of assumptions and certainties, linked together by a series of paradoxes \u2014 on the one hand, we are the result of equality, opportunity, identity and heritage of political values, economic, religious, social and cultural aspects of a population group. However, individualism occupies more and more space in today\u2019s society, covering the causes and consequences of globalization with a film of contempt and intolerance, thus conceiving a trigger for several problems. Following the themes related to sustainability, culture and heritage, there is the possibility of emphasizing emotion as the basis for recognizing unique stories and expressing them through tools that were once considered not to be exclusive to certain classical areas.<\/p>\n<p>The virtual itinerary that connects the mountains to the sea by a thread of olive oil\u2026 this is the project that arises from the joint research action iHERITAGE \u2014 the exhibition of the entire process inherent to the olive growing activity in the municipality of Tavira, not neglecting a detailed presentation about the olive oil manufacturing process and functionality in the production chain, as well as its didactic interpretation and dissemination of information on the protection and conservation of this Algarve heritage and on research at the historical level of an industry that dates back to Classical Antiquity.<\/p>\n<p>The virtual route seeks to promote and disseminate the Algarve\u2019s cultural heritage to its local tourist community, for a better understanding of the preservation and enhancement of heritage, revealing to the public various aspects of the rural world and its relationship with the city that polarizes it. With an attractive graphic image and a dynamic speech, where the idea underlying the choice and arrangement of each object is, more than telling the story of our Mediterranean diet, a meeting with the testimonies of those who inhabit the countryside today and their perspectives of life.<\/p>\n<p>In the field work and in the investigation process of one of the main traditional knowledge and crafts of the Tavirense county, the importance of the geographical and cultural context of the olive, olive and olive oil testimonies begins with a simple intriguing question \u2014 <strong>Where does this one travel Intangible Heritage?<\/strong><\/p>\n<p>[\/et_pb_text][\/et_pb_column][\/et_pb_row][\/et_pb_section]<\/p>\n","protected":false},"excerpt":{"rendered":"<p>O roteiro virtual que liga a serra ao mar por um fio de azeite\u2026 este \u00e9 o projecto que surge da ac\u00e7\u00e3o de investiga\u00e7\u00e3o conjunta iHERITAGE \u2013 a exposi\u00e7\u00e3o de todo o processo inerente \u00e0 atividade oliv\u00edcola no concelho de Tavira, n\u00e3o descurando uma apresenta\u00e7\u00e3o detalhada sobre o processo de fabrico do azeite e a funcionalidade na cadeia de produ\u00e7\u00e3o, assim como, a sua interpreta\u00e7\u00e3o did\u00e1tica e a divulga\u00e7\u00e3o sobre a protec\u00e7\u00e3o e conserva\u00e7\u00e3o deste patrim\u00f3nio algarvio e da investiga\u00e7\u00e3o ao n\u00edvel hist\u00f3rico de uma ind\u00fastria que remonta \u00e0 Antiguidade Cl\u00e1ssica. <\/p>\n","protected":false},"author":1,"featured_media":0,"parent":0,"menu_order":0,"comment_status":"closed","ping_status":"closed","template":"","meta":{"_et_pb_use_builder":"on","_et_pb_old_content":"<blockquote>\u201cFaz parte de quem somos\u201d \r\n(residente de Santa Catarina da Fonte do Bispo)<\/blockquote>\r\n\r\nA clara e forte no\u00e7\u00e3o de sensibilidade e identifica\u00e7\u00e3o entre a pessoa e o ambiente natural est\u00e1 incorporada numa estrutura de rela\u00e7\u00f5es intr\u00ednsecas ao grande trunfo que \u00e9 a civiliza\u00e7\u00e3o e a cultura. Naturalmente, ao legar sentido \u00e0 nossa vida e duvidar, questionar e adquirir respostas, encontramos um equil\u00edbrio necess\u00e1rio, na rela\u00e7\u00e3o Homem\/Natureza. Nesta mensagem transladada e praticamente oferecida por tempos idos, encontramos consci\u00eancias assentes na globaliza\u00e7\u00e3o e mercados de suposi\u00e7\u00f5es e certezas, ligados entre si, por uma s\u00e9rie de paradoxos \u2013 por um lado, somos fruto de igualdade, oportunidade, identidade e heran\u00e7a dos valores pol\u00edticos, econ\u00f3micos, religiosos, sociais e culturais de uma colectividade populacional. Por\u00e9m, o individualismo ocupa cada vez mais espa\u00e7o na sociedade actual, revestindo causas e consequ\u00eancias da globaliza\u00e7\u00e3o com uma pel\u00edcula de menosprezo e intoler\u00e2ncia, concebendo assim, um detonador de v\u00e1rios problemas. No seguimento dos temas ligados \u00e0 sustentabilidade, cultura e heran\u00e7as surge a possibilidade de enfatizar a emo\u00e7\u00e3o como o fundamento do reconhecimento de hist\u00f3rias singulares e express\u00e1-las atrav\u00e9s de ferramentas outrora consideradas pouco exclusivas a determinadas \u00e1reas cl\u00e1ssicas.\r\n\r\nO roteiro virtual que liga a serra ao mar por um fio de azeite\u2026 este \u00e9 o projecto que surge da ac\u00e7\u00e3o de investiga\u00e7\u00e3o conjunta iHERITAGE \u2013 a exposi\u00e7\u00e3o de todo o processo inerente \u00e0 atividade oliv\u00edcola no concelho de Tavira, n\u00e3o descurando uma apresenta\u00e7\u00e3o detalhada sobre o processo de fabrico do azeite e a funcionalidade na cadeia de produ\u00e7\u00e3o, assim como, a sua interpreta\u00e7\u00e3o did\u00e1tica e a divulga\u00e7\u00e3o sobre a protec\u00e7\u00e3o e conserva\u00e7\u00e3o deste patrim\u00f3nio algarvio e da investiga\u00e7\u00e3o ao n\u00edvel hist\u00f3rico de uma ind\u00fastria que remonta \u00e0 Antiguidade Cl\u00e1ssica. \r\nA rota virtual procura promover e divulgar o patrim\u00f3nio cultural algarvio junto da sua comunidade local como tur\u00edstica, para o melhor entendimento no \u00e2mbito da preserva\u00e7\u00e3o e valoriza\u00e7\u00e3o do patrim\u00f3nio, revelando ao p\u00fablico diversos aspectos do mundo rural e da sua rela\u00e7\u00e3o com a cidade que o polariza. Com uma imagem gr\u00e1fica atraente e um discurso din\u00e2mico, onde a ideia subjacente \u00e0 escolha e disposi\u00e7\u00e3o de cada objecto \u00e9, mais do que contar a hist\u00f3ria da nossa dieta mediterr\u00e2nea, um encontro com os testemunhos de quem habita hoje o campo e das suas perspectivas de vida.\r\n\r\nNo trabalho de campo e no processo de investiga\u00e7\u00e3o de um dos principais saberes e of\u00edcios tradicionais do concelho tavirense, a import\u00e2ncia do contexto geogr\u00e1fico e cultural dos testemunhos da oliveira, da azeitona e do azeite, come\u00e7am com uma simples quest\u00e3o intrigante \u2013 <strong>Por onde viaja este Patrim\u00f3nio Imaterial? <\/strong>\r\n\r\nUm par\u00e1grafo","_et_gb_content_width":"","footnotes":"","_links_to":"","_links_to_target":""},"class_list":["post-260","page","type-page","status-publish","hentry"],"_links":{"self":[{"href":"https:\/\/iheritage.ciac.pt\/en\/wp-json\/wp\/v2\/pages\/260","targetHints":{"allow":["GET"]}}],"collection":[{"href":"https:\/\/iheritage.ciac.pt\/en\/wp-json\/wp\/v2\/pages"}],"about":[{"href":"https:\/\/iheritage.ciac.pt\/en\/wp-json\/wp\/v2\/types\/page"}],"author":[{"embeddable":true,"href":"https:\/\/iheritage.ciac.pt\/en\/wp-json\/wp\/v2\/users\/1"}],"replies":[{"embeddable":true,"href":"https:\/\/iheritage.ciac.pt\/en\/wp-json\/wp\/v2\/comments?post=260"}],"version-history":[{"count":10,"href":"https:\/\/iheritage.ciac.pt\/en\/wp-json\/wp\/v2\/pages\/260\/revisions"}],"predecessor-version":[{"id":891,"href":"https:\/\/iheritage.ciac.pt\/en\/wp-json\/wp\/v2\/pages\/260\/revisions\/891"}],"wp:attachment":[{"href":"https:\/\/iheritage.ciac.pt\/en\/wp-json\/wp\/v2\/media?parent=260"}],"curies":[{"name":"wp","href":"https:\/\/api.w.org\/{rel}","templated":true}]}}