{"id":37,"date":"2021-04-14T10:44:02","date_gmt":"2021-04-14T10:44:02","guid":{"rendered":"https:\/\/iheritage.ciac.pt?page_id=37"},"modified":"2022-02-01T11:01:26","modified_gmt":"2022-02-01T11:01:26","slug":"ficha-tecnica","status":"publish","type":"page","link":"https:\/\/iheritage.ciac.pt\/en\/associates-and-partners\/","title":{"rendered":"Associates &#038; Partners"},"content":{"rendered":"<p>[et_pb_section fb_built=&#8221;1&#8243; fullwidth=&#8221;on&#8221; _builder_version=&#8221;4.9.10&#8243; _module_preset=&#8221;default&#8221;][et_pb_fullwidth_image src=&#8221;https:\/\/iheritage.ciac.pt\/wp-content\/uploads\/2022\/02\/ficha-tecnica-roberta-sorge-unsplash.jpg&#8221; title_text=&#8221;ficha-tecnica-roberta-sorge-unsplash&#8221; admin_label=&#8221;Fullwidth Image&#8221; _builder_version=&#8221;4.9.10&#8243; _module_preset=&#8221;default&#8221;][\/et_pb_fullwidth_image][\/et_pb_section][et_pb_section fb_built=&#8221;1&#8243; _builder_version=&#8221;4.9.10&#8243; _module_preset=&#8221;default&#8221; custom_margin=&#8221;0px||||false|false&#8221;][et_pb_row column_structure=&#8221;1_2,1_2&#8243; _builder_version=&#8221;4.9.10&#8243; _module_preset=&#8221;default&#8221; background_color=&#8221;RGBA(0,0,0,0)&#8221; vertical_offset=&#8221;-48px&#8221; custom_margin=&#8221;-48px||||false|false&#8221; custom_margin_tablet=&#8221;&#8221; custom_margin_phone=&#8221;&#8221; custom_margin_last_edited=&#8221;on|desktop&#8221; custom_padding=&#8221;0px|0px|0px|0px|true|true&#8221;][et_pb_column type=&#8221;1_2&#8243; _builder_version=&#8221;4.9.10&#8243; _module_preset=&#8221;default&#8221; background_color=&#8221;#FFFFFF&#8221; custom_padding=&#8221;30px|30px|30px|30px|true|true&#8221;][et_pb_post_title meta=&#8221;off&#8221; featured_image=&#8221;off&#8221; _builder_version=&#8221;4.9.10&#8243; _module_preset=&#8221;default&#8221; background_color=&#8221;RGBA(0,0,0,0)&#8221; custom_padding=&#8221;0px|0px|0px|0px|true|true&#8221;][\/et_pb_post_title][et_pb_divider divider_weight=&#8221;6px&#8221; admin_label=&#8221;Divider&#8221; _builder_version=&#8221;4.9.10&#8243; _module_preset=&#8221;default&#8221; width=&#8221;20%&#8221; animation_style=&#8221;slide&#8221; animation_direction=&#8221;left&#8221; animation_duration=&#8221;300ms&#8221; animation_speed_curve=&#8221;ease-in&#8221;][\/et_pb_divider][\/et_pb_column][et_pb_column type=&#8221;1_2&#8243; _builder_version=&#8221;4.9.10&#8243; _module_preset=&#8221;default&#8221;][\/et_pb_column][\/et_pb_row][et_pb_row _builder_version=&#8221;4.9.10&#8243; _module_preset=&#8221;default&#8221;][et_pb_column type=&#8221;4_4&#8243; _builder_version=&#8221;4.9.10&#8243; _module_preset=&#8221;default&#8221;][et_pb_text _builder_version=&#8221;4.9.10&#8243; _module_preset=&#8221;default&#8221;]<\/p>\n<p>The iHERITAGE project aims to introduce advanced technological solutions and improve transnational cooperation for the access to UNESCO\u2019s Mediterranean cultural heritage while attaching wider dissemination of monuments declared World Heritage by UNESCO.<\/p>\n<p style=\"padding-bottom:14px;\">iHERITAGE has a total budget of 3.9 million euros and will be funded by up to a maximum of 90% through the \u201cMediterranean Sea Basin Programme\u201d ENI CBC Med 2014-2020. The 2014-2020 ENI CBC Mediterranean Sea Basin Programme is a multilateral CrossBorder Cooperation (CBC) initiative funded by the European Neighbourhood Instrument (ENI). The Programme&#8217;s objective is to foster fair, equitable and sustainable economic, social, and territorial development, which may advance cross-border integration and valorize participating countries\u2019 territories and values. The following 13 countries participate in the Programme: Cyprus, Egypt, France, Greece, Israel, Italy, Jordan, Lebanon, Malta, Palestine, Portugal, Spain, Tunisia. The Managing Authority (JMA) is the Autonomous Region of Sardinia (Italy). Official Programme languages are Arabic, English, and French.<\/p>\n<h2>Principal Researcher<\/h2>\n<ul>\n<li>Alexandra Rodrigues Gon\u00e7alves (CinTurs\/Universidade do Algarve)<\/li>\n<\/ul>\n<h2>Team<\/h2>\n<ul>\n<li><a href=\"https:\/\/www.cima.ualg.pt\/cimaualg\/index.php\/pt\/figueiredo-mauro\" target=\"_blank\" rel=\"noopener\">Mauro Figueiredo<\/a> (CIMA\/Universidade do Algarve)<\/li>\n<li><a href=\"https:\/\/antigo.ualg.pt\/pt\/users\/bsilva\" target=\"_blank\" rel=\"noopener\">Bruno Mendes da Silva<\/a> (CIAC\/Universidade do Algarve)<\/li>\n<li><a href=\"https:\/\/ciac.pt\/pt-2\/mirian-tavares\" target=\"_blank\" rel=\"noopener\">Miriam Tavares<\/a> (CIAC\/Universidade do Algarve)<\/li>\n<li><a href=\"mailto:llpdorsch@ualg.pt\" target=\"_blank\" rel=\"noopener\">Laura Lou Peres Dorsch<\/a> (Bolseira do Projecto iHERITAGE B_A.2.1_0056)<\/li>\n<\/ul>\n<h2>Communication<\/h2>\n<ul>\n<li>Marta Gouveia<\/li>\n<\/ul>\n<h2>Webmaster<\/h2>\n<ul>\n<li>Juan Manuel Escribano Loza (CIAC\/Universidade do Algarve)<\/li>\n<\/ul>\n<p>This work is funded by national funds through the project UIDP\/04019\/2020 CIAC of the Foundation for Science and Technology.<\/p>\n<p>[\/et_pb_text][\/et_pb_column][\/et_pb_row][\/et_pb_section]<\/p>\n","protected":false},"excerpt":{"rendered":"<p>The iHERITAGE project aims to introduce advanced technological solutions and improve transnational cooperation for the access to UNESCO\u2019s Mediterranean cultural heritage while attaching wider dissemination of monuments declared World Heritage by UNESCO. iHERITAGE has a total budget of 3.9 million euros and will be funded by up to a maximum of 90% through the \u201cMediterranean [&hellip;]<\/p>\n","protected":false},"author":1,"featured_media":0,"parent":0,"menu_order":0,"comment_status":"closed","ping_status":"closed","template":"","meta":{"_et_pb_use_builder":"on","_et_pb_old_content":"O projecto iHERITAGE pretende introduzir solu\u00e7\u00f5es tecnol\u00f3gicas avan\u00e7adas e melhorar a coopera\u00e7\u00e3o transnacional para o acesso ao patrim\u00f3nio cultural Mediterr\u00e2neo da UNESCO, garantindo, em simult\u00e2neo, uma maior divulga\u00e7\u00e3o dos monumentos declarados como Patrim\u00f3nio Mundial pela UNESCO.\r\n\r\nO projeto iHERITAGE tem um or\u00e7amento total de 3,9 milh\u00f5es de euros e ser\u00e1 financiando at\u00e9 a um m\u00e1ximo de 90% atrav\u00e9s do programa ENI CBC da Bacia do Mar Mediterr\u00e2neo para 2014-2020.O programa ENI CBC da Bacia do Mar Mediterr\u00e2neo para 2014-2020 \u00e9 uma iniciativa de Coopera\u00e7\u00e3o Transfronteiri\u00e7a (CBC) multilateral, financiada pelo Instrumento Europeu de Vizinhan\u00e7a (ENI). O objetivo do programa \u00e9 promover o desenvolvimento econ\u00f3mico, social e territorial justo, equitativo e sustent\u00e1vel, que possa promover a integra\u00e7\u00e3o transfronteiri\u00e7a e valorizar os territ\u00f3rios e valores dos pa\u00edses participantes. Um total de 13 pa\u00edses participam no programa: Chipre, Egito, Fran\u00e7a, Gr\u00e9cia, Israel, It\u00e1lia, Jord\u00e2nia, L\u00edbano, Malta, Palestina, Portugal, Espanha, Tun\u00edsia. A Autoridade de Gest\u00e3o (AM) \u00e9 a Regi\u00e3o Aut\u00f3noma da Sardenha (It\u00e1lia).\r\n\r\n<h3>Investigadora Principal<\/h3>\r\n\u2022 Alexandra Rodrigues Gon\u00e7alves (CinTurs\/Universidade do Algarve)\r\n\r\n<h3>Equipa<\/h3>\r\n\r\n\u2022 Mauro Figueiredo (CIMA\/Universidade do Algarve: <a href=\"https:\/\/www.cima.ualg.pt\/cimaualg\/index.php\/pt\/figueiredo-mauro\">https:\/\/www.cima.ualg.pt\/cimaualg\/index.php\/pt\/figueiredo-mauro<\/a>)\r\n\u2022 Bruno Mendes da Silva (CIAC\/Universidade do Algarve: <a href=\"https:\/\/antigo.ualg.pt\/pt\/users\/bsilva\">https:\/\/antigo.ualg.pt\/pt\/users\/bsilva<\/a>)\r\n\u2022 Miriam Tavares (CIAC\/Universidade do Algarve: <a href=\"https:\/\/ciac.pt\/pt-2\/mirian-tavares\">https:\/\/ciac.pt\/pt-2\/mirian-tavares<\/a>)\r\n\u2022 Laura Lou Peres Dorsch (Bolseira do Projecto iHERITAGE B_A.2.1_0056 \u2013 <a href=\"llpdorsch@ualg.pt\">llpdorsch@ualg.pt<\/a>)\r\n\r\n<h3>Departamento de Comunica\u00e7\u00e3o<\/h3>\r\n\u2022 Marta Gouveia","_et_gb_content_width":"","footnotes":"","_links_to":"","_links_to_target":""},"class_list":["post-37","page","type-page","status-publish","hentry"],"_links":{"self":[{"href":"https:\/\/iheritage.ciac.pt\/en\/wp-json\/wp\/v2\/pages\/37","targetHints":{"allow":["GET"]}}],"collection":[{"href":"https:\/\/iheritage.ciac.pt\/en\/wp-json\/wp\/v2\/pages"}],"about":[{"href":"https:\/\/iheritage.ciac.pt\/en\/wp-json\/wp\/v2\/types\/page"}],"author":[{"embeddable":true,"href":"https:\/\/iheritage.ciac.pt\/en\/wp-json\/wp\/v2\/users\/1"}],"replies":[{"embeddable":true,"href":"https:\/\/iheritage.ciac.pt\/en\/wp-json\/wp\/v2\/comments?post=37"}],"version-history":[{"count":13,"href":"https:\/\/iheritage.ciac.pt\/en\/wp-json\/wp\/v2\/pages\/37\/revisions"}],"predecessor-version":[{"id":892,"href":"https:\/\/iheritage.ciac.pt\/en\/wp-json\/wp\/v2\/pages\/37\/revisions\/892"}],"wp:attachment":[{"href":"https:\/\/iheritage.ciac.pt\/en\/wp-json\/wp\/v2\/media?parent=37"}],"curies":[{"name":"wp","href":"https:\/\/api.w.org\/{rel}","templated":true}]}}