{"id":42,"date":"2021-04-14T10:46:20","date_gmt":"2021-04-14T10:46:20","guid":{"rendered":"https:\/\/iheritage.ciac.pt\/contactos\/"},"modified":"2022-02-01T10:57:26","modified_gmt":"2022-02-01T10:57:26","slug":"contactos","status":"publish","type":"page","link":"https:\/\/iheritage.ciac.pt\/en\/contacts\/","title":{"rendered":"Contacts"},"content":{"rendered":"<p>[et_pb_section fb_built=&#8221;1&#8243; fullwidth=&#8221;on&#8221; _builder_version=&#8221;4.9.10&#8243; _module_preset=&#8221;default&#8221;][et_pb_fullwidth_image src=&#8221;https:\/\/iheritage.ciac.pt\/wp-content\/uploads\/2022\/02\/contactos-vlada-moscaliova-unsplash.jpg&#8221; title_text=&#8221;contactos-vlada-moscaliova-unsplash&#8221; admin_label=&#8221;Fullwidth Image&#8221; _builder_version=&#8221;4.9.10&#8243; _module_preset=&#8221;default&#8221;][\/et_pb_fullwidth_image][\/et_pb_section][et_pb_section fb_built=&#8221;1&#8243; _builder_version=&#8221;4.9.10&#8243; _module_preset=&#8221;default&#8221; custom_margin=&#8221;0px||||false|false&#8221;][et_pb_row column_structure=&#8221;1_2,1_2&#8243; _builder_version=&#8221;4.9.10&#8243; _module_preset=&#8221;default&#8221; background_color=&#8221;RGBA(0,0,0,0)&#8221; vertical_offset=&#8221;-48px&#8221; custom_margin=&#8221;-48px||||false|false&#8221; custom_margin_tablet=&#8221;&#8221; custom_margin_phone=&#8221;&#8221; custom_margin_last_edited=&#8221;on|desktop&#8221; custom_padding=&#8221;0px|0px|0px|0px|true|true&#8221;][et_pb_column type=&#8221;1_2&#8243; _builder_version=&#8221;4.9.10&#8243; _module_preset=&#8221;default&#8221; background_color=&#8221;#FFFFFF&#8221; custom_padding=&#8221;30px|30px|30px|30px|true|true&#8221;][et_pb_post_title meta=&#8221;off&#8221; featured_image=&#8221;off&#8221; _builder_version=&#8221;4.9.10&#8243; _module_preset=&#8221;default&#8221; background_color=&#8221;RGBA(0,0,0,0)&#8221; custom_padding=&#8221;0px|0px|0px|0px|true|true&#8221;][\/et_pb_post_title][et_pb_divider divider_weight=&#8221;6px&#8221; admin_label=&#8221;Divider&#8221; _builder_version=&#8221;4.9.10&#8243; _module_preset=&#8221;default&#8221; width=&#8221;20%&#8221; animation_style=&#8221;slide&#8221; animation_direction=&#8221;left&#8221; animation_duration=&#8221;300ms&#8221; animation_speed_curve=&#8221;ease-in&#8221;][\/et_pb_divider][\/et_pb_column][et_pb_column type=&#8221;1_2&#8243; _builder_version=&#8221;4.9.10&#8243; _module_preset=&#8221;default&#8221;][\/et_pb_column][\/et_pb_row][et_pb_row column_structure=&#8221;1_2,1_2&#8243; _builder_version=&#8221;4.9.10&#8243; _module_preset=&#8221;default&#8221;][et_pb_column type=&#8221;1_2&#8243; _builder_version=&#8221;4.9.10&#8243; _module_preset=&#8221;default&#8221;][et_pb_text _builder_version=&#8221;4.9.10&#8243; _module_preset=&#8221;default&#8221;]<\/p>\n<p>To learn more about iHeritage Portugal project, send us your questions by filling out the form in this page.<\/p>\n<p><iframe src=\"https:\/\/www.google.com\/maps\/embed?pb=!1m18!1m12!1m3!1d1078.1658603267792!2d-7.973028004720901!3d37.04492440611555!2m3!1f0!2f0!3f0!3m2!1i1024!2i768!4f13.1!3m3!1m2!1s0x0%3A0xa7dde0e93a1c2248!2zMzfCsDAyJzQyLjUiTiA3wrA1OCcxOS43Ilc!5e0!3m2!1ses!2ses!4v1643054371342!5m2!1ses!2ses\" width=\"600\" height=\"450\" style=\"border:0;\" allowfullscreen=\"\" loading=\"lazy\"><\/iframe>[\/et_pb_text][\/et_pb_column][et_pb_column type=&#8221;1_2&#8243; _builder_version=&#8221;4.9.10&#8243; _module_preset=&#8221;default&#8221;][et_pb_text _builder_version=&#8221;4.9.10&#8243; _module_preset=&#8221;default&#8221;]<\/p>\n\n<div class=\"wpcf7 no-js\" id=\"wpcf7-f279-o1\" lang=\"pt-PT\" dir=\"ltr\">\n<div class=\"screen-reader-response\"><p role=\"status\" aria-live=\"polite\" aria-atomic=\"true\"><\/p> <ul><\/ul><\/div>\n<form action=\"\/en\/wp-json\/wp\/v2\/pages\/42#wpcf7-f279-o1\" method=\"post\" class=\"wpcf7-form init\" aria-label=\"Formul\u00e1rio de contacto\" novalidate=\"novalidate\" data-status=\"init\">\n<div style=\"display: none;\">\n<input type=\"hidden\" name=\"_wpcf7\" value=\"279\" \/>\n<input type=\"hidden\" name=\"_wpcf7_version\" value=\"5.7.6\" \/>\n<input type=\"hidden\" name=\"_wpcf7_locale\" value=\"pt_PT\" \/>\n<input type=\"hidden\" name=\"_wpcf7_unit_tag\" value=\"wpcf7-f279-o1\" \/>\n<input type=\"hidden\" name=\"_wpcf7_container_post\" value=\"0\" \/>\n<input type=\"hidden\" name=\"_wpcf7_posted_data_hash\" value=\"\" \/>\n<\/div>\n<p><label> Your name<br \/>\n<span class=\"wpcf7-form-control-wrap\" data-name=\"your-name\"><input size=\"40\" class=\"wpcf7-form-control wpcf7-text wpcf7-validates-as-required\" aria-required=\"true\" aria-invalid=\"false\" value=\"\" type=\"text\" name=\"your-name\" \/><\/span> <\/label><br \/>\n<label> Your email<br \/>\n<span class=\"wpcf7-form-control-wrap\" data-name=\"your-email\"><input size=\"40\" class=\"wpcf7-form-control wpcf7-text wpcf7-email wpcf7-validates-as-required wpcf7-validates-as-email\" aria-required=\"true\" aria-invalid=\"false\" value=\"\" type=\"email\" name=\"your-email\" \/><\/span> <\/label><br \/>\n<label> Subject<br \/>\n<span class=\"wpcf7-form-control-wrap\" data-name=\"your-subject\"><input size=\"40\" class=\"wpcf7-form-control wpcf7-text wpcf7-validates-as-required\" aria-required=\"true\" aria-invalid=\"false\" value=\"\" type=\"text\" name=\"your-subject\" \/><\/span> <\/label><br \/>\n<label> Your message (optional)<br \/>\n<span class=\"wpcf7-form-control-wrap\" data-name=\"your-message\"><textarea cols=\"40\" rows=\"10\" class=\"wpcf7-form-control wpcf7-textarea\" aria-invalid=\"false\" name=\"your-message\"><\/textarea><\/span> <\/label>\n<\/p>\n<p><b>Termo de Informa\u00e7\u00e3o<\/b>\n<\/p>\n<p><label><span class=\"wpcf7-form-control-wrap\" data-name=\"your-termo-de-informacao\"><span class=\"wpcf7-form-control wpcf7-checkbox wpcf7-validates-as-required\"><span class=\"wpcf7-list-item first last\"><label><input type=\"checkbox\" name=\"your-termo-de-informacao[]\" value=\"\" \/><span class=\"wpcf7-list-item-label\"><\/span><\/label><\/span><\/span><\/span><\/label> Tomei conhecimento que todos os dados s\u00e3o recolhidos apenas para efeitos de pedido de contacto bem como para comunica\u00e7\u00e3o de iniciativas da UAlg, estando garantida a confidencialidade do seu tratamento e a exclusiva utiliza\u00e7\u00e3o pela UAlg, sendo o seu tratamento realizado nos termos e condi\u00e7\u00f5es da Pol\u00edtica de Prote\u00e7\u00e3o de Dados que se encontra acess\u00edvel em <a href=\"https:\/\/www.ualg.pt\/sites\/default\/files\/documentos\/2020-12\/politicadeprivacidadeuniversidadedoalgarve2018.pdf\" target=_blank\">www.ualg.pt<\/a>. Se necessitar de algum esclarecimento adicional em rela\u00e7\u00e3o \u00e0 participa\u00e7\u00e3o ou ao preenchimento do formul\u00e1rio, \u00e9 favor contactar pelo email <a href=\"mailto:iHeritage@ualg.pt\">iHeritage@ualg.pt<\/a>.\n<\/p>\n<p><b>Termo de Consentimento<\/b>\n<\/p>\n<p><label><span class=\"wpcf7-form-control-wrap\" data-name=\"your-termo-de-consentimento\"><span class=\"wpcf7-form-control wpcf7-checkbox wpcf7-validates-as-required\"><span class=\"wpcf7-list-item first last\"><label><input type=\"checkbox\" name=\"your-termo-de-consentimento[]\" value=\"\" \/><span class=\"wpcf7-list-item-label\"><\/span><\/label><\/span><\/span><\/span><\/label> Autorizo expressamente o tratamento dos meus dados pessoais para efeitos de contato, divulgac\u0327a\u0303o e comunicac\u0327a\u0303o, nomeadamente a\u00e7\u00f5es promocionais, de acordo com as condic\u0327o\u0303es da Poli\u0301tica de Protec\u0327a\u0303o de Dados que se encontram disponi\u0301veis em <a href=\"https:\/\/www.ualg.pt\/sites\/default\/files\/documentos\/2020-12\/politicadeprivacidadeuniversidadedoalgarve2018.pdf\" target=_blank\">www.ualg.pt<\/a>. Estou informado dos termos de tratamento dos meus dados pessoais e tenho conscie\u0302ncia de que posso retirar o meu consentimento a qualquer momento ou exercer os meus direitos de protec\u0327a\u0303o de dados, nomeadamente os direitos de informac\u0327a\u0303o, acesso, consulta, retificac\u0327a\u0303o, oposic\u0327a\u0303o ao tratamento ou apagamento, dentro do hora\u0301rio normal de funcionamento, atrave\u0301s de contacto com o Gabinete da Protec\u0327a\u0303o de Dados da UALG, pelo correio eletro\u0301nico <a href=\"mailto:rgpd@ualg.pt\">rgpd@ualg.pt<\/a>.\n<\/p>\n<p><input class=\"wpcf7-form-control has-spinner wpcf7-submit\" type=\"submit\" value=\"Submit\" \/>\n<\/p><p style=\"display: none !important;\"><label>&#916;<textarea name=\"_wpcf7_ak_hp_textarea\" cols=\"45\" rows=\"8\" maxlength=\"100\"><\/textarea><\/label><input type=\"hidden\" id=\"ak_js_1\" name=\"_wpcf7_ak_js\" value=\"28\"\/><script>document.getElementById( \"ak_js_1\" ).setAttribute( \"value\", ( new Date() ).getTime() );<\/script><\/p><div class=\"wpcf7-response-output\" aria-hidden=\"true\"><\/div>\n<\/form>\n<\/div>\n\n<p>[\/et_pb_text][\/et_pb_column][\/et_pb_row][\/et_pb_section]<\/p>\n","protected":false},"excerpt":{"rendered":"<p>To learn more about iHeritage Portugal project, send us your questions by filling out the form in this page. Your name Your email Subject Your message (optional) Termo de Informa\u00e7\u00e3o Tomei conhecimento que todos os dados s\u00e3o recolhidos apenas para efeitos de pedido de contacto bem como para comunica\u00e7\u00e3o de iniciativas da UAlg, estando garantida [&hellip;]<\/p>\n","protected":false},"author":1,"featured_media":0,"parent":0,"menu_order":0,"comment_status":"closed","ping_status":"closed","template":"","meta":{"_et_pb_use_builder":"on","_et_pb_old_content":"<p>[vc_row][vc_column width=\"1\/2\"][vc_column_text]Para saber mais informa\u00e7\u00f5es sobre o Projeto iHeritage Portugal, envie-nos a sua quest\u00e3o atrav\u00e9s do formul\u00e1rio da p\u00e1gina.[\/vc_column_text][vc_gmaps link=\"#E-8_JTNDaWZyYW1lJTIwc3JjJTNEJTIyaHR0cHMlM0ElMkYlMkZ3d3cuZ29vZ2xlLmNvbSUyRm1hcHMlMkZlbWJlZCUzRnBiJTNEJTIxMW0xOCUyMTFtMTIlMjExbTMlMjExZDEwNzguMTY1ODYwMzI2Nzc5MiUyMTJkLTcuOTczMDI4MDA0NzIwOTAxJTIxM2QzNy4wNDQ5MjQ0MDYxMTU1NSUyMTJtMyUyMTFmMCUyMTJmMCUyMTNmMCUyMTNtMiUyMTFpMTAyNCUyMTJpNzY4JTIxNGYxMy4xJTIxM20zJTIxMW0yJTIxMXMweDAlMjUzQTB4YTdkZGUwZTkzYTFjMjI0OCUyMTJ6TXpmQ3NEQXlKelF5TGpVaVRpQTN3ckExT0NjeE9TNDNJbGMlMjE1ZTAlMjEzbTIlMjExc2VzJTIxMnNlcyUyMTR2MTY0MzA1NDM3MTM0MiUyMTVtMiUyMTFzZXMlMjEyc2VzJTIyJTIwd2lkdGglM0QlMjI2MDAlMjIlMjBoZWlnaHQlM0QlMjI0NTAlMjIlMjBzdHlsZSUzRCUyMmJvcmRlciUzQTAlM0IlMjIlMjBhbGxvd2Z1bGxzY3JlZW4lM0QlMjIlMjIlMjBsb2FkaW5nJTNEJTIybGF6eSUyMiUzRSUzQyUyRmlmcmFtZSUzRQ==\"][\/vc_column][vc_column width=\"1\/2\"][vc_column_text][contact-form-7 id=\"276\" title=\"Contact form 1\"][\/vc_column_text][\/vc_column][\/vc_row]<\/p>\r\n","_et_gb_content_width":"","footnotes":"","_links_to":"","_links_to_target":""},"class_list":["post-42","page","type-page","status-publish","hentry"],"_links":{"self":[{"href":"https:\/\/iheritage.ciac.pt\/en\/wp-json\/wp\/v2\/pages\/42","targetHints":{"allow":["GET"]}}],"collection":[{"href":"https:\/\/iheritage.ciac.pt\/en\/wp-json\/wp\/v2\/pages"}],"about":[{"href":"https:\/\/iheritage.ciac.pt\/en\/wp-json\/wp\/v2\/types\/page"}],"author":[{"embeddable":true,"href":"https:\/\/iheritage.ciac.pt\/en\/wp-json\/wp\/v2\/users\/1"}],"replies":[{"embeddable":true,"href":"https:\/\/iheritage.ciac.pt\/en\/wp-json\/wp\/v2\/comments?post=42"}],"version-history":[{"count":15,"href":"https:\/\/iheritage.ciac.pt\/en\/wp-json\/wp\/v2\/pages\/42\/revisions"}],"predecessor-version":[{"id":890,"href":"https:\/\/iheritage.ciac.pt\/en\/wp-json\/wp\/v2\/pages\/42\/revisions\/890"}],"wp:attachment":[{"href":"https:\/\/iheritage.ciac.pt\/en\/wp-json\/wp\/v2\/media?parent=42"}],"curies":[{"name":"wp","href":"https:\/\/api.w.org\/{rel}","templated":true}]}}